{"id":416,"date":"2023-01-12T17:57:13","date_gmt":"2023-01-12T22:57:13","guid":{"rendered":"https:\/\/www.peru-container.com.pe\/?page_id=416"},"modified":"2025-07-26T13:23:19","modified_gmt":"2025-07-26T18:23:19","slug":"tarifas-importaciones","status":"publish","type":"page","link":"https:\/\/www.peru-container.com.pe\/en\/tarifas-importaciones\/","title":{"rendered":"Tarifas Importaciones"},"content":{"rendered":"<div class=\"wp-block-columns is-layout-flex wp-container-core-columns-is-layout-9d6595d7 wp-block-columns-is-layout-flex\">\n<div class=\"wp-block-column is-vertically-aligned-center is-layout-flow wp-block-column-is-layout-flow\"><div class=\"wp-block-image\">\n<figure class=\"aligncenter size-large\"><img decoding=\"async\" src=\"https:\/\/www.peru-container.com.pe\/wp-content\/uploads\/2024\/08\/imp-maritima-head.png\" alt=\"\"\/><\/figure>\n<\/div>\n\n<div class=\"wp-block-image\">\n<figure class=\"aligncenter size-large\"><img loading=\"lazy\" decoding=\"async\" width=\"1024\" height=\"570\" src=\"https:\/\/www.peru-container.com.pe\/wp-content\/uploads\/2025\/07\/Tarifa-Importacion-PCL-2025-07-1024x570.jpg\" alt=\"\" class=\"wp-image-652\" srcset=\"https:\/\/www.peru-container.com.pe\/wp-content\/uploads\/2025\/07\/Tarifa-Importacion-PCL-2025-07-1024x570.jpg 1024w, https:\/\/www.peru-container.com.pe\/wp-content\/uploads\/2025\/07\/Tarifa-Importacion-PCL-2025-07-300x167.jpg 300w, https:\/\/www.peru-container.com.pe\/wp-content\/uploads\/2025\/07\/Tarifa-Importacion-PCL-2025-07-768x428.jpg 768w, https:\/\/www.peru-container.com.pe\/wp-content\/uploads\/2025\/07\/Tarifa-Importacion-PCL-2025-07-18x10.jpg 18w, https:\/\/www.peru-container.com.pe\/wp-content\/uploads\/2025\/07\/Tarifa-Importacion-PCL-2025-07.jpg 1456w\" sizes=\"auto, (max-width: 1024px) 100vw, 1024px\" \/><\/figure>\n<\/div>\n\n<div class=\"wp-block-image\">\n<figure class=\"aligncenter size-large\"><img decoding=\"async\" src=\"https:\/\/www.peru-container.com.pe\/wp-content\/uploads\/2024\/08\/imp-maritima-sec2b.png\" alt=\"\"\/><\/figure>\n<\/div>\n\n<div class=\"wp-block-image\">\n<figure class=\"aligncenter size-large\"><img decoding=\"async\" src=\"https:\/\/www.peru-container.com.pe\/wp-content\/uploads\/2024\/08\/imp-aerea.png\" alt=\"\"\/><\/figure>\n<\/div>\n\n\n<p><strong>Notas:<\/strong><br>Las tarifas MAR\u00cdTIMAS aplican a todas las jurisdicci\u00f3nes del Per\u00fa<br>Las tarifas A\u00c9REAS aplican al aeropuerto del Jorge Chavez (Callao)<br>Tarifas no incluyen el Impuestos general a la ventas (IGV)<br>Algunos recargos pueden variar seg\u00fan negociaci\u00f3n<br>(**) Recargos no afectos a IGV<\/p>\n<\/div>\n<\/div>","protected":false},"excerpt":{"rendered":"<p>Notas:Las tarifas MAR\u00cdTIMAS aplican a todas las jurisdicci\u00f3nes del Per\u00faLas tarifas A\u00c9REAS aplican al aeropuerto del Jorge Chavez (Callao)Tarifas no incluyen el Impuestos general a la ventas (IGV)Algunos recargos pueden variar seg\u00fan negociaci\u00f3n(**) Recargos no afectos a IGV<\/p>","protected":false},"author":1,"featured_media":0,"parent":0,"menu_order":0,"comment_status":"closed","ping_status":"closed","template":"","meta":{"_acf_changed":false,"_joinchat":[],"footnotes":""},"class_list":["post-416","page","type-page","status-publish","hentry"],"acf":[],"_links":{"self":[{"href":"https:\/\/www.peru-container.com.pe\/en\/wp-json\/wp\/v2\/pages\/416","targetHints":{"allow":["GET"]}}],"collection":[{"href":"https:\/\/www.peru-container.com.pe\/en\/wp-json\/wp\/v2\/pages"}],"about":[{"href":"https:\/\/www.peru-container.com.pe\/en\/wp-json\/wp\/v2\/types\/page"}],"author":[{"embeddable":true,"href":"https:\/\/www.peru-container.com.pe\/en\/wp-json\/wp\/v2\/users\/1"}],"replies":[{"embeddable":true,"href":"https:\/\/www.peru-container.com.pe\/en\/wp-json\/wp\/v2\/comments?post=416"}],"version-history":[{"count":22,"href":"https:\/\/www.peru-container.com.pe\/en\/wp-json\/wp\/v2\/pages\/416\/revisions"}],"predecessor-version":[{"id":653,"href":"https:\/\/www.peru-container.com.pe\/en\/wp-json\/wp\/v2\/pages\/416\/revisions\/653"}],"wp:attachment":[{"href":"https:\/\/www.peru-container.com.pe\/en\/wp-json\/wp\/v2\/media?parent=416"}],"curies":[{"name":"wp","href":"https:\/\/api.w.org\/{rel}","templated":true}]}}