{"id":393,"date":"2022-04-25T11:16:25","date_gmt":"2022-04-25T16:16:25","guid":{"rendered":"https:\/\/www.peru-container.com.pe\/?page_id=393"},"modified":"2024-09-18T21:46:59","modified_gmt":"2024-09-19T02:46:59","slug":"politica-de-seguridad-basc","status":"publish","type":"page","link":"https:\/\/www.peru-container.com.pe\/en\/politica-de-seguridad-basc\/","title":{"rendered":"Pol\u00edtica de seguridad BASC"},"content":{"rendered":"<p>PERU CONTAINER LINE EIRL, como integrante de la cadena log\u00edstica internacional, est\u00e1 comprometida en gestionar procesos de manera eficaz y segura bajo el cumplimiento de:<\/p>\n\n\n\n<ul class=\"wp-block-list\">\n<li>Normativas legales y reglamentarias vigentes<\/li>\n\n\n\n<li>Mejorando continuamente el desempe\u00f1o del Sistema de Gesti\u00f3n de Seguridad BASC<\/li>\n\n\n\n<li>Contar con colaboradores calificados, capacitados y concientizados.<\/li>\n\n\n\n<li>Promover un ambiente de trabajo seguro para mantener la integridad de nuestros procesos, la prevenci\u00f3n de actividades il\u00edcitas, corrupci\u00f3n, soborno, lavado de activos y otros riesgos identificados.<\/li>\n\n\n\n<li>Promover la seguridad en el Uso de las Tecnolog\u00edas de Informaci\u00f3n<\/li>\n<\/ul>\n\n\n\n<p>Nuestra Pol\u00edtica de Seguridad BASC proporciona un marco de referencia para establecer y revisar los Objetivos del SGS y ser\u00e1 revisada por la Alta Direcci\u00f3n con una periodicidad anual.<\/p>\n\n\n\n<p>Nuestra Pol\u00edtica de Seguridad BASC es difundida y comunicada a todas las partes interesadas que trabajan para la organizaci\u00f3n o en nombre de ella y a cuantos organismos puedan estar afectados por la actividad o interesados en conocerla.<\/p>\n\n\n\n<figure class=\"wp-block-image size-large\"><img loading=\"lazy\" decoding=\"async\" width=\"767\" height=\"1024\" src=\"https:\/\/www.peru-container.com.pe\/wp-content\/uploads\/2024\/09\/image-767x1024.png\" alt=\"\" class=\"wp-image-570\" srcset=\"https:\/\/www.peru-container.com.pe\/wp-content\/uploads\/2024\/09\/image-767x1024.png 767w, https:\/\/www.peru-container.com.pe\/wp-content\/uploads\/2024\/09\/image-225x300.png 225w, https:\/\/www.peru-container.com.pe\/wp-content\/uploads\/2024\/09\/image-768x1026.png 768w, https:\/\/www.peru-container.com.pe\/wp-content\/uploads\/2024\/09\/image-9x12.png 9w, https:\/\/www.peru-container.com.pe\/wp-content\/uploads\/2024\/09\/image.png 900w\" sizes=\"auto, (max-width: 767px) 100vw, 767px\" \/><\/figure>","protected":false},"excerpt":{"rendered":"<p>PERU CONTAINER LINE EIRL, como integrante de la cadena log\u00edstica internacional, est\u00e1 comprometida en gestionar procesos de manera eficaz y segura bajo el cumplimiento de: Nuestra Pol\u00edtica de Seguridad BASC proporciona un marco de referencia para establecer y revisar los Objetivos del SGS y ser\u00e1 revisada por la Alta Direcci\u00f3n con una periodicidad anual. Nuestra [&hellip;]<\/p>\n","protected":false},"author":1,"featured_media":0,"parent":0,"menu_order":0,"comment_status":"closed","ping_status":"closed","template":"","meta":{"_acf_changed":false,"_joinchat":[],"footnotes":""},"class_list":["post-393","page","type-page","status-publish","hentry"],"acf":[],"_links":{"self":[{"href":"https:\/\/www.peru-container.com.pe\/en\/wp-json\/wp\/v2\/pages\/393","targetHints":{"allow":["GET"]}}],"collection":[{"href":"https:\/\/www.peru-container.com.pe\/en\/wp-json\/wp\/v2\/pages"}],"about":[{"href":"https:\/\/www.peru-container.com.pe\/en\/wp-json\/wp\/v2\/types\/page"}],"author":[{"embeddable":true,"href":"https:\/\/www.peru-container.com.pe\/en\/wp-json\/wp\/v2\/users\/1"}],"replies":[{"embeddable":true,"href":"https:\/\/www.peru-container.com.pe\/en\/wp-json\/wp\/v2\/comments?post=393"}],"version-history":[{"count":8,"href":"https:\/\/www.peru-container.com.pe\/en\/wp-json\/wp\/v2\/pages\/393\/revisions"}],"predecessor-version":[{"id":571,"href":"https:\/\/www.peru-container.com.pe\/en\/wp-json\/wp\/v2\/pages\/393\/revisions\/571"}],"wp:attachment":[{"href":"https:\/\/www.peru-container.com.pe\/en\/wp-json\/wp\/v2\/media?parent=393"}],"curies":[{"name":"wp","href":"https:\/\/api.w.org\/{rel}","templated":true}]}}